{"id":37,"date":"2018-12-02T11:55:06","date_gmt":"2018-12-02T10:55:06","guid":{"rendered":"http:\/\/abdichtungstechnik.de\/?page_id=37"},"modified":"2018-12-02T14:04:14","modified_gmt":"2018-12-02T13:04:14","slug":"injektionsstoffe","status":"publish","type":"page","link":"https:\/\/www.bauwerkabdichtung.de\/?page_id=37","title":{"rendered":"Injektionsstoffe"},"content":{"rendered":"<p>Die Materialauswahl f\u00fcr Injektionen in der Abdichtung richtet sich u.a. nach Art und Aufbau des Bauk\u00f6rpers bzw. der Hinterf\u00fcllung, nach dem Feuchtezustand und nach der Abdichtungsaufgabe. Aufgrund unserer langj\u00e4hrigen Erfahrung w\u00e4hlen wir unter Ber\u00fccksichtigung aktueller Normen f\u00fcr die konkrete Situation vor Ort Materialien und Verfahrensweisen aus. Dabei sind wir unabh\u00e4ngig von einzelnen Herstellern und Fabrikaten. In Abstimmung mit dem Auftraggeber entwickeln wir so ein individuelles Sanierungskonzept.<\/p>\n<p>Im folgenden stellen wir die am h\u00e4ufigsten eingesetzten Materialien vor:<\/p>\n<p><strong><img loading=\"lazy\" class=\"alignright size-full wp-image-183\" src=\"http:\/\/abdichtungstechnik.de\/wp-content\/uploads\/2018\/12\/Injektionsstoffe1.jpg\" alt=\"\" width=\"35\" height=\"74\" \/>Epoxidharze<\/strong><br \/>\nWenn Fehlstellen in Bauteilen vor der Wasserbelastung erkannt wurden, k\u00f6nnen diese mit Epoxidharz (EP) abgedichtet und kraftschl\u00fcssig verf\u00fcllt werden.<br \/>\nEpoxidharze zeichnen sich durch niedrige Viskosit\u00e4t, geringen Volumenschwund und hohe Eigenfestigkeit aus<br \/>\nAufgrund der sehr guten Fliessf\u00e4higkeit werden Risstr\u00e4nkungen oft mit EP-Harz durchgef\u00fchrt.<\/p>\n<p><strong>Polyurethanharze<\/strong><\/p>\n<p><img loading=\"lazy\" class=\"alignright size-full wp-image-182\" src=\"http:\/\/abdichtungstechnik.de\/wp-content\/uploads\/2018\/12\/Injektionsstoffe2.jpg\" alt=\"\" width=\"44\" height=\"69\" \/>Mit Polyurethanharzen (PUR) k\u00f6nnen Risse oder Hohlstellen unabh\u00e4ngig von deren Feuchte- zustand abgedichtet werden. PUR- Harze eignen sich zum F\u00fcllen gr\u00f6sserer Risse und Fehlstellen in Beton und Mauerwerk. Es wird eine begrenzt dehnf\u00e4hige Verbindung erreicht.<\/p>\n<p><img loading=\"lazy\" class=\"alignright size-full wp-image-181\" src=\"http:\/\/abdichtungstechnik.de\/wp-content\/uploads\/2018\/12\/Injektionsstoffe3.jpg\" alt=\"\" width=\"51\" height=\"69\" \/>Schnellsch\u00e4umende Polyurethan- harze (SPUR) eignen sich als Hilfsmittel zum kurzfristigen Stoppen bei Eintritt gr\u00f6sserer Wassermengen. Die grossporige Struktur macht eine Nachinjekjtion mit PUR- Harz erforderlich.<\/p>\n<p><strong>Hydrogele<\/strong><\/p>\n<p><img loading=\"lazy\" class=\"alignright size-full wp-image-180\" src=\"http:\/\/abdichtungstechnik.de\/wp-content\/uploads\/2018\/12\/Injektionsstoffe4.jpg\" alt=\"\" width=\"52\" height=\"70\" \/>sind wasserhaltige, hoch- elastische, quellf\u00e4hige und dauerhaft best\u00e4ndige Kunststoffe. Sie besitzen die Eigenschaft, Wasser aufzunehmen oder abzugeben und dabei ihr Volumen um bis zu 80 % zu ver\u00e4ndern. Aufgrund hervor- ragender Haftung am Bauteil und einer wasser\u00e4hnlichen Viskosit\u00e4t werden Hydrogele vorwiegend f\u00fcr Schleier- vergelungen an der Aussenhaut des Bauk\u00f6rpers eingesetzt. Durch die hohe Verformbarkeit des Materials werden nachtr\u00e4gliche Bewegungen aufgenommen. Hydrogele m\u00fcssen einer best\u00e4ndig feuchten Umgebung ausgesetzt sein. Beton-, Mauerwerk- oder Bodenfeuchte reichen hierzu aus.<\/p>\n<p>Injektionsgele sind keineswegs neue Baustoffe, sondern im Gegenteil die \u201cchemischen\u201d Injektionsmittel mit der l\u00e4ngsten anwendungstechnischen Tradition. Auch bei den organischen Injektionsmitteln sind Gele &#8211; hier die Acrylgele &#8211; seit \u00fcber 60 Jahren bekannt und in der Praxis bew\u00e4hrt. Die Langzeiterfahrungen mit Acrylaten sind deshalb weitaus umfangreicher als jene mit anderen h\u00e4rtbaren Harzen (EP und PUR). Moderne, weiterentwickelte Hydrogele sind physiologisch vollkommen unbedenklich und umweltvertr\u00e4glich.<\/p>\n<p><strong>Injektionszemente<\/strong><\/p>\n<p><img loading=\"lazy\" class=\"alignright size-full wp-image-179\" src=\"http:\/\/abdichtungstechnik.de\/wp-content\/uploads\/2018\/12\/Injektionsstoffe5.jpg\" alt=\"\" width=\"48\" height=\"69\" \/>Zum Verf\u00fcllen gr\u00f6sserer Fehlstellen oder breiterer Risse werden oft mineralische F\u00fcllg\u00fcter verwendet, deren Eigenschaften dem des Bauteils (Beton oder Mauerwerk) am \u00e4hnlichsten sind. Wasser transportiert den Feinstzement als Tr\u00e4gerfl\u00fcssigkeit in das Porengef\u00fcge und wird anschliessend vom Bauk\u00f6rper absorbiert. Die abgelagerten Zemente verschliessen das offene Gef\u00fcge und dichten es ab. Eine Zementinjektion gegen dr\u00fcckendes Wasser kann nur mit Hilfsmassnahmen durchgef\u00fchrt werden, da sonst das Material innerhalb der relativ langen Erh\u00e4rtungszeit ausgesp\u00fclt w\u00fcrde.<br \/>\nMineralische F\u00fcllg\u00fcter sind nur begrenzt auf Zug belastbar. Sie eignen sich hervorragend zum F\u00fcllen gr\u00f6sserer Hohlr\u00e4ume oder von Luftschichten in mehrschaligem Mauerwerk, sofern die chemische Zusammensetzung auf das vorhandene Bauteil abgestimmt ist.<\/p>\n<p>Wir arbeiten eng mit verschiedenen Pr\u00fcfinstituten zusammen. Untersuchungs- berichte, Pr\u00fcfungen und Bescheinigungen zu den eingesetzten Injektionsmaterialien liegen vor.<\/p>\n","protected":false},"excerpt":{"rendered":"<p>Die Materialauswahl f\u00fcr Injektionen in der Abdichtung richtet sich u.a. nach Art und Aufbau des Bauk\u00f6rpers bzw. der Hinterf\u00fcllung, nach dem Feuchtezustand und nach der Abdichtungsaufgabe. Aufgrund unserer langj\u00e4hrigen Erfahrung w\u00e4hlen wir unter Ber\u00fccksichtigung aktueller Normen f\u00fcr die konkrete Situation vor Ort Materialien und Verfahrensweisen aus. Dabei sind wir unabh\u00e4ngig &hellip;<\/p>\n","protected":false},"author":1,"featured_media":0,"parent":0,"menu_order":0,"comment_status":"closed","ping_status":"closed","template":"","meta":[],"_links":{"self":[{"href":"https:\/\/www.bauwerkabdichtung.de\/index.php?rest_route=\/wp\/v2\/pages\/37"}],"collection":[{"href":"https:\/\/www.bauwerkabdichtung.de\/index.php?rest_route=\/wp\/v2\/pages"}],"about":[{"href":"https:\/\/www.bauwerkabdichtung.de\/index.php?rest_route=\/wp\/v2\/types\/page"}],"author":[{"embeddable":true,"href":"https:\/\/www.bauwerkabdichtung.de\/index.php?rest_route=\/wp\/v2\/users\/1"}],"replies":[{"embeddable":true,"href":"https:\/\/www.bauwerkabdichtung.de\/index.php?rest_route=%2Fwp%2Fv2%2Fcomments&post=37"}],"version-history":[{"count":2,"href":"https:\/\/www.bauwerkabdichtung.de\/index.php?rest_route=\/wp\/v2\/pages\/37\/revisions"}],"predecessor-version":[{"id":184,"href":"https:\/\/www.bauwerkabdichtung.de\/index.php?rest_route=\/wp\/v2\/pages\/37\/revisions\/184"}],"wp:attachment":[{"href":"https:\/\/www.bauwerkabdichtung.de\/index.php?rest_route=%2Fwp%2Fv2%2Fmedia&parent=37"}],"curies":[{"name":"wp","href":"https:\/\/api.w.org\/{rel}","templated":true}]}}