{"id":33,"date":"2018-12-02T11:55:06","date_gmt":"2018-12-02T10:55:06","guid":{"rendered":"http:\/\/abdichtungstechnik.de\/?page_id=33"},"modified":"2018-12-02T14:02:42","modified_gmt":"2018-12-02T13:02:42","slug":"baukoerpervergelung","status":"publish","type":"page","link":"https:\/\/www.bauwerkabdichtung.de\/?page_id=33","title":{"rendered":"Bauk\u00f6rpervergelung"},"content":{"rendered":"<p>Dringt Wasser im erdber\u00fchrten Mauerwerk fl\u00e4chig von der Seite der Bauteile ein, muss eine Vertikalsperre saniert oder neu ausgebildet werden.<br \/>\nKlassische Verfahren hierzu sind Bitumenabdichtungen oder Abdichtungen mit Abdichtungsbahnen. Hierzu muss das Mauerwerk jedoch von aussen vollst\u00e4ndig freigelegt werden. In Bereichen, in denen dies nicht oder nur mit grossem Aufwand m\u00f6glich ist, kann eine Schleiervergelung von der Innenseite des Geb\u00e4udes durchgef\u00fchrt werden. Gr\u00f6ssere Fehlstellen im (Naturstein) Mauerwerk oder unbekannter Baugrund stellen dabei jedoch oft gr\u00f6ssere Hindernisse dar.<\/p>\n<p>&nbsp;<\/p>\n<div id='gallery-1' class='gallery galleryid-33 gallery-columns-2 gallery-size-full'><figure class='gallery-item'>\n\t\t\t<div class='gallery-icon landscape'>\n\t\t\t\t<img width=\"276\" height=\"229\" src=\"https:\/\/www.bauwerkabdichtung.de\/wp-content\/uploads\/2018\/12\/baukorpervergelung2.jpg\" class=\"attachment-full size-full\" alt=\"\" loading=\"lazy\" srcset=\"https:\/\/www.bauwerkabdichtung.de\/wp-content\/uploads\/2018\/12\/baukorpervergelung2.jpg 276w, https:\/\/www.bauwerkabdichtung.de\/wp-content\/uploads\/2018\/12\/baukorpervergelung2-241x200.jpg 241w\" sizes=\"(max-width: 276px) 100vw, 276px\" \/>\n\t\t\t<\/div><\/figure><figure class='gallery-item'>\n\t\t\t<div class='gallery-icon landscape'>\n\t\t\t\t<img width=\"206\" height=\"182\" src=\"https:\/\/www.bauwerkabdichtung.de\/wp-content\/uploads\/2018\/12\/baukorpervergelung1.jpg\" class=\"attachment-full size-full\" alt=\"\" loading=\"lazy\" \/>\n\t\t\t<\/div><\/figure>\n\t\t<\/div>\n\n<p>In diesen F\u00e4llen kann eine dauerhafte Abdichtung durch <strong>Bauk\u00f6rpervergelung<\/strong> erreicht werden, indem die Poren und Hohlr\u00e4ume mit Injektionsstoffen gef\u00fcllt werden. Im Gegensatz zur Wirkungsweise einer Horizontalsperre durch Druckinjektion muss hierbei nicht nur die kapillare Saugwirkung unterbunden werden, vielmehr muss durch Verstopfung der Poren eine Sperrschicht gegen von aussen dr\u00fcckendes Wasser erzeugt werden. Durch fl\u00e4chige Druckinjektion wird das Bauteil dabei selbst zum Abdichtungselement.<br \/>\nUm Fehlstellen in der Sperrschicht zu vermeiden, muss das Injektionsraster dem Ausbreitverhalten des Dichtstoffes im Bauteil genau angepasst werden. Die Bohrkan\u00e4le werden schr\u00e4g durch das Mauerwerk gef\u00fchrt, so dass sie m\u00f6glichst mehrere Fugen kreuzen und sich das Material optimal ausbreiten kann. Der Injektionsdruck ist sorgf\u00e4ltig auf das jeweilige Bauteil abzustimmen, um die weitere Rissbildung zu vermeiden. Das Abdichtungsmaterial muss auf den Baustoff abgestimmt werden, um nachtr\u00e4gliche Reaktionen zu vermeiden.<\/p>\n<p><img loading=\"lazy\" class=\"aligncenter size-full wp-image-174\" src=\"http:\/\/abdichtungstechnik.de\/wp-content\/uploads\/2018\/12\/baukorpervergelung3.jpg\" alt=\"\" width=\"611\" height=\"208\" srcset=\"https:\/\/www.bauwerkabdichtung.de\/wp-content\/uploads\/2018\/12\/baukorpervergelung3.jpg 611w, https:\/\/www.bauwerkabdichtung.de\/wp-content\/uploads\/2018\/12\/baukorpervergelung3-300x102.jpg 300w, https:\/\/www.bauwerkabdichtung.de\/wp-content\/uploads\/2018\/12\/baukorpervergelung3-588x200.jpg 588w\" sizes=\"(max-width: 611px) 100vw, 611px\" \/><\/p>\n","protected":false},"excerpt":{"rendered":"<p>Dringt Wasser im erdber\u00fchrten Mauerwerk fl\u00e4chig von der Seite der Bauteile ein, muss eine Vertikalsperre saniert oder neu ausgebildet werden. Klassische Verfahren hierzu sind Bitumenabdichtungen oder Abdichtungen mit Abdichtungsbahnen. Hierzu muss das Mauerwerk jedoch von aussen vollst\u00e4ndig freigelegt werden. In Bereichen, in denen dies nicht oder nur mit grossem Aufwand &hellip;<\/p>\n","protected":false},"author":1,"featured_media":0,"parent":0,"menu_order":0,"comment_status":"closed","ping_status":"closed","template":"","meta":[],"_links":{"self":[{"href":"https:\/\/www.bauwerkabdichtung.de\/index.php?rest_route=\/wp\/v2\/pages\/33"}],"collection":[{"href":"https:\/\/www.bauwerkabdichtung.de\/index.php?rest_route=\/wp\/v2\/pages"}],"about":[{"href":"https:\/\/www.bauwerkabdichtung.de\/index.php?rest_route=\/wp\/v2\/types\/page"}],"author":[{"embeddable":true,"href":"https:\/\/www.bauwerkabdichtung.de\/index.php?rest_route=\/wp\/v2\/users\/1"}],"replies":[{"embeddable":true,"href":"https:\/\/www.bauwerkabdichtung.de\/index.php?rest_route=%2Fwp%2Fv2%2Fcomments&post=33"}],"version-history":[{"count":3,"href":"https:\/\/www.bauwerkabdichtung.de\/index.php?rest_route=\/wp\/v2\/pages\/33\/revisions"}],"predecessor-version":[{"id":178,"href":"https:\/\/www.bauwerkabdichtung.de\/index.php?rest_route=\/wp\/v2\/pages\/33\/revisions\/178"}],"wp:attachment":[{"href":"https:\/\/www.bauwerkabdichtung.de\/index.php?rest_route=%2Fwp%2Fv2%2Fmedia&parent=33"}],"curies":[{"name":"wp","href":"https:\/\/api.w.org\/{rel}","templated":true}]}}