{"id":31,"date":"2018-12-02T11:55:06","date_gmt":"2018-12-02T10:55:06","guid":{"rendered":"http:\/\/abdichtungstechnik.de\/?page_id=31"},"modified":"2018-12-02T14:01:21","modified_gmt":"2018-12-02T13:01:21","slug":"horizontalsperre","status":"publish","type":"page","link":"https:\/\/www.bauwerkabdichtung.de\/?page_id=31","title":{"rendered":"Horizontalsperre"},"content":{"rendered":"<p>Gegen kapillar aufsteigendes Wasser im Mauerwerksquerschnitt muss eine nachtr\u00e4gliche <strong>Horizontalsperre<\/strong> eingebracht werden.<\/p>\n<p>Mechanische Verfahren wie Mauerwerksaustausch, Mauers\u00e4geverfahren oder das Einstemmen von Edelstahlblechen sind oft mit hohem technischen Aufwand verbunden und k\u00f6nnen zu weiteren Rissbildungen f\u00fchren.<\/p>\n<p>Die nachtr\u00e4gliche Horizontalsperre durch Druckinjektion stellt in vielen F\u00e4llen eine flexiblere Alternative dar, die auch bei einseitig erdber\u00fchrten Bauteilen oder bei nicht durchg\u00e4ngigen M\u00f6rtelfugen erstellt werden kann.<\/p>\n<div id='gallery-1' class='gallery galleryid-31 gallery-columns-2 gallery-size-full'><figure class='gallery-item'>\n\t\t\t<div class='gallery-icon landscape'>\n\t\t\t\t<img width=\"295\" height=\"248\" src=\"https:\/\/www.bauwerkabdichtung.de\/wp-content\/uploads\/2018\/12\/horizontalsperre2.jpg\" class=\"attachment-full size-full\" alt=\"\" loading=\"lazy\" srcset=\"https:\/\/www.bauwerkabdichtung.de\/wp-content\/uploads\/2018\/12\/horizontalsperre2.jpg 295w, https:\/\/www.bauwerkabdichtung.de\/wp-content\/uploads\/2018\/12\/horizontalsperre2-238x200.jpg 238w\" sizes=\"(max-width: 295px) 100vw, 295px\" \/>\n\t\t\t<\/div><\/figure><figure class='gallery-item'>\n\t\t\t<div class='gallery-icon portrait'>\n\t\t\t\t<img width=\"182\" height=\"187\" src=\"https:\/\/www.bauwerkabdichtung.de\/wp-content\/uploads\/2018\/12\/horizontalsperre1.jpg\" class=\"attachment-full size-full\" alt=\"\" loading=\"lazy\" \/>\n\t\t\t<\/div><\/figure>\n\t\t<\/div>\n\n<p>Dazu wird das Mauerwerk in engem Abstand ein- oder zweireihig angebohrt. Die Injektionskan\u00e4le durchkreuzen dabei sowohl die Mauersteine als auch die st\u00e4rker Wasser ziehenden Stoss- und Lagerfugen. \u00dcber Injektionspacker wird das Abdichtungsmaterial mit ange- passtem Druck gleichm\u00e4ssig im gesamten Querschnitt verteilt. In Abh\u00e4ngigkeit vom Durchfeuchtungsgrad und vom Baustoff wird ein Material injiziert, das durch Hydrophobierung oder Verstopfung die kapillare Saugwirkung des Porengef\u00fcges verhindert. Durch eine Injektion in mehreren Stufen kann diese Eigenschaft des Mauerwerkes genutzt werden, um auch die kleinsten Kapillaren im Gef\u00fcge zu f\u00fcllen.<\/p>\n<p>Die so erzeugte Injektionsebene stellt eine dauerhafte Horizontalsperre dar und verhindert das weitere Aufsteigen von Wasser im Bauteil. Die Ausf\u00fchrung orientiert sich an den g\u00fcltigen WTA- Richtlinien.<\/p>\n<p><img loading=\"lazy\" class=\"aligncenter size-full wp-image-168\" src=\"http:\/\/abdichtungstechnik.de\/wp-content\/uploads\/2018\/12\/horizontalsperre3.jpg\" alt=\"\" width=\"610\" height=\"204\" srcset=\"https:\/\/www.bauwerkabdichtung.de\/wp-content\/uploads\/2018\/12\/horizontalsperre3.jpg 610w, https:\/\/www.bauwerkabdichtung.de\/wp-content\/uploads\/2018\/12\/horizontalsperre3-300x100.jpg 300w, https:\/\/www.bauwerkabdichtung.de\/wp-content\/uploads\/2018\/12\/horizontalsperre3-598x200.jpg 598w\" sizes=\"(max-width: 610px) 100vw, 610px\" \/><\/p>\n","protected":false},"excerpt":{"rendered":"<p>Gegen kapillar aufsteigendes Wasser im Mauerwerksquerschnitt muss eine nachtr\u00e4gliche Horizontalsperre eingebracht werden. Mechanische Verfahren wie Mauerwerksaustausch, Mauers\u00e4geverfahren oder das Einstemmen von Edelstahlblechen sind oft mit hohem technischen Aufwand verbunden und k\u00f6nnen zu weiteren Rissbildungen f\u00fchren. Die nachtr\u00e4gliche Horizontalsperre durch Druckinjektion stellt in vielen F\u00e4llen eine flexiblere Alternative dar, die auch &hellip;<\/p>\n","protected":false},"author":1,"featured_media":0,"parent":0,"menu_order":0,"comment_status":"closed","ping_status":"closed","template":"","meta":[],"_links":{"self":[{"href":"https:\/\/www.bauwerkabdichtung.de\/index.php?rest_route=\/wp\/v2\/pages\/31"}],"collection":[{"href":"https:\/\/www.bauwerkabdichtung.de\/index.php?rest_route=\/wp\/v2\/pages"}],"about":[{"href":"https:\/\/www.bauwerkabdichtung.de\/index.php?rest_route=\/wp\/v2\/types\/page"}],"author":[{"embeddable":true,"href":"https:\/\/www.bauwerkabdichtung.de\/index.php?rest_route=\/wp\/v2\/users\/1"}],"replies":[{"embeddable":true,"href":"https:\/\/www.bauwerkabdichtung.de\/index.php?rest_route=%2Fwp%2Fv2%2Fcomments&post=31"}],"version-history":[{"count":4,"href":"https:\/\/www.bauwerkabdichtung.de\/index.php?rest_route=\/wp\/v2\/pages\/31\/revisions"}],"predecessor-version":[{"id":173,"href":"https:\/\/www.bauwerkabdichtung.de\/index.php?rest_route=\/wp\/v2\/pages\/31\/revisions\/173"}],"wp:attachment":[{"href":"https:\/\/www.bauwerkabdichtung.de\/index.php?rest_route=%2Fwp%2Fv2%2Fmedia&parent=31"}],"curies":[{"name":"wp","href":"https:\/\/api.w.org\/{rel}","templated":true}]}}