{"id":25,"date":"2018-12-02T11:55:06","date_gmt":"2018-12-02T10:55:06","guid":{"rendered":"http:\/\/abdichtungstechnik.de\/?page_id=25"},"modified":"2018-12-02T13:54:16","modified_gmt":"2018-12-02T12:54:16","slug":"hauseinfuehrungen","status":"publish","type":"page","link":"https:\/\/www.bauwerkabdichtung.de\/?page_id=25","title":{"rendered":"Hauseinf\u00fchrungen"},"content":{"rendered":"<p><img loading=\"lazy\" class=\"alignright size-full wp-image-156\" src=\"http:\/\/abdichtungstechnik.de\/wp-content\/uploads\/2018\/12\/durchfuhrungen.jpg\" alt=\"\" width=\"277\" height=\"349\" srcset=\"https:\/\/www.bauwerkabdichtung.de\/wp-content\/uploads\/2018\/12\/durchfuhrungen.jpg 277w, https:\/\/www.bauwerkabdichtung.de\/wp-content\/uploads\/2018\/12\/durchfuhrungen-238x300.jpg 238w, https:\/\/www.bauwerkabdichtung.de\/wp-content\/uploads\/2018\/12\/durchfuhrungen-159x200.jpg 159w\" sizes=\"(max-width: 277px) 100vw, 277px\" \/>Mediendurchf\u00fchrungen und Spannstellen sind unvermeidbare Schwachstellen im Abdichtungssystem der Wei\u00dfen Wanne. Diese geplanten Durchdringungen sind in der Bauphase durch geeignete Systeme abzudichten.<\/p>\n<p><strong>Mediendurchf\u00fchrungen<\/strong><br \/>\nsind \u00d6ffnungen im Boden-, Decken- oder Wandbereich zur Durchf\u00fchrung von Rohren, Kabeln oder Leitungen nach innen. Diese \u00d6ffnungen m\u00fcssen zwischen den Medienrohren\/ Leitungen und der Wand abgedichtet werden.<\/p>\n<p><strong>Spannstellen<\/strong><br \/>\nsind durchgehende \u00d6ffnungen in Betonbauteilen, durch die Gewindest\u00e4be zum Abspannen von Schalungen gef\u00fchrt werden. Diese \u00d6ffnungen m\u00fcssen nach dem Entfernen der Schalung wasserdicht verschlossen werden.<\/p>\n<p>Durch unsachgem\u00e4ssen Einbau oder alterungsbedingte Abnutzung des Materials kann Wasser an diesen Stellen oft ungehindert ins Bauwerk eindringen und weitreichende Sch\u00e4den verursachen.<\/p>\n<p><strong>Sanierung<\/strong><\/p>\n<p><strong><img loading=\"lazy\" class=\"alignleft size-full wp-image-157\" src=\"http:\/\/abdichtungstechnik.de\/wp-content\/uploads\/2018\/12\/durchfuhrungen1.jpg\" alt=\"\" width=\"292\" height=\"411\" srcset=\"https:\/\/www.bauwerkabdichtung.de\/wp-content\/uploads\/2018\/12\/durchfuhrungen1.jpg 292w, https:\/\/www.bauwerkabdichtung.de\/wp-content\/uploads\/2018\/12\/durchfuhrungen1-213x300.jpg 213w, https:\/\/www.bauwerkabdichtung.de\/wp-content\/uploads\/2018\/12\/durchfuhrungen1-142x200.jpg 142w\" sizes=\"(max-width: 292px) 100vw, 292px\" \/>Mediendurchf\u00fchrungen<\/strong><br \/>\nIn vielen F\u00e4llen ist es m\u00f6glich, bereits eingebaute Dichtungseins\u00e4tze nachzu- ziehen oder zu ersetzen, oft auch mit zus\u00e4tzlichen Flanschkonstruktionen. An unzug\u00e4nglichen Stellen kann von innen quellf\u00e4higes Material in das Dichtungsrohr oder auf die dem Wasser zugewandte Seite der Durchf\u00fchrung injiziert werden.<\/p>\n<p><strong>Spannstellen<\/strong><br \/>\nUndichte Spannstellen k\u00f6nnen nach- tr\u00e4glich von innen komplett wasserdicht verschlossen werden. Uml\u00e4ufigkeiten entlang der Spannstellen werden dauerhaft verpresst.<\/p>\n<p><strong>Fehlstellen<\/strong><br \/>\nFehlstellen im Beton, auch \u201cKiesnester\u201d genannt, werden zun\u00e4chst verd\u00e4mmt und anschliessend mit geeignetem Material verpresst. Unter Umst\u00e4nden ist es \u00f6konomischer, zu Sanierung einer gr\u00f6sseren Anzahl r\u00e4umlich beieinander liegender Fehlstellen ganze Fl\u00e4chen abzudichten (Schleiervergelung).<\/p>\n","protected":false},"excerpt":{"rendered":"<p>Mediendurchf\u00fchrungen und Spannstellen sind unvermeidbare Schwachstellen im Abdichtungssystem der Wei\u00dfen Wanne. Diese geplanten Durchdringungen sind in der Bauphase durch geeignete Systeme abzudichten. Mediendurchf\u00fchrungen sind \u00d6ffnungen im Boden-, Decken- oder Wandbereich zur Durchf\u00fchrung von Rohren, Kabeln oder Leitungen nach innen. Diese \u00d6ffnungen m\u00fcssen zwischen den Medienrohren\/ Leitungen und der Wand abgedichtet &hellip;<\/p>\n","protected":false},"author":1,"featured_media":0,"parent":0,"menu_order":0,"comment_status":"closed","ping_status":"closed","template":"","meta":[],"_links":{"self":[{"href":"https:\/\/www.bauwerkabdichtung.de\/index.php?rest_route=\/wp\/v2\/pages\/25"}],"collection":[{"href":"https:\/\/www.bauwerkabdichtung.de\/index.php?rest_route=\/wp\/v2\/pages"}],"about":[{"href":"https:\/\/www.bauwerkabdichtung.de\/index.php?rest_route=\/wp\/v2\/types\/page"}],"author":[{"embeddable":true,"href":"https:\/\/www.bauwerkabdichtung.de\/index.php?rest_route=\/wp\/v2\/users\/1"}],"replies":[{"embeddable":true,"href":"https:\/\/www.bauwerkabdichtung.de\/index.php?rest_route=%2Fwp%2Fv2%2Fcomments&post=25"}],"version-history":[{"count":2,"href":"https:\/\/www.bauwerkabdichtung.de\/index.php?rest_route=\/wp\/v2\/pages\/25\/revisions"}],"predecessor-version":[{"id":158,"href":"https:\/\/www.bauwerkabdichtung.de\/index.php?rest_route=\/wp\/v2\/pages\/25\/revisions\/158"}],"wp:attachment":[{"href":"https:\/\/www.bauwerkabdichtung.de\/index.php?rest_route=%2Fwp%2Fv2%2Fmedia&parent=25"}],"curies":[{"name":"wp","href":"https:\/\/api.w.org\/{rel}","templated":true}]}}