{"id":219,"date":"2020-08-29T15:09:39","date_gmt":"2020-08-29T13:09:39","guid":{"rendered":"http:\/\/abdichtungstechnik.de\/?page_id=219"},"modified":"2020-08-29T15:14:31","modified_gmt":"2020-08-29T13:14:31","slug":"anfahrt","status":"publish","type":"page","link":"https:\/\/www.bauwerkabdichtung.de\/?page_id=219","title":{"rendered":"Anfahrt"},"content":{"rendered":"\n<p>Ihr Weg zu uns: <\/p>\n\n\n\n<p>Aus Richtung Augsburg \u00fcber B\u00fcrgermeister-Ackermann-Stra\u00dfe\/B300\u00a0Richtung Neus\u00e4\u00df\/Steppach.<\/p>\n\n\n\n<p>Aus Richtung M\u00fcnchen oder Stuttgart \u00fcber die A8 am Kreuz Augsburg West auf die B17 in Richtung Landsberg am Lech. Ausfahrt Stadtbergen\/B\u00fcrgermeister-Ackermann-Stra\u00dfe\/B300 \u00fcber B\u00fcrgermeister-Ackermann-Stra\u00dfe\/B300\u00a0bis Neus\u00e4\u00df\/Steppach. <\/p>\n\n\n<div class=\"ba_map_holder\" id=\"1d2bbece506b137db17ed55f0b3aa707\" data-map-id=\"218\"><\/div>\n","protected":false},"excerpt":{"rendered":"<p>Ihr Weg zu uns: Aus Richtung Augsburg \u00fcber B\u00fcrgermeister-Ackermann-Stra\u00dfe\/B300\u00a0Richtung Neus\u00e4\u00df\/Steppach. Aus Richtung M\u00fcnchen oder Stuttgart \u00fcber die A8 am Kreuz Augsburg West auf die B17 in Richtung Landsberg am Lech. Ausfahrt Stadtbergen\/B\u00fcrgermeister-Ackermann-Stra\u00dfe\/B300 \u00fcber B\u00fcrgermeister-Ackermann-Stra\u00dfe\/B300\u00a0bis Neus\u00e4\u00df\/Steppach.<\/p>\n","protected":false},"author":1,"featured_media":0,"parent":0,"menu_order":0,"comment_status":"closed","ping_status":"closed","template":"","meta":[],"_links":{"self":[{"href":"https:\/\/www.bauwerkabdichtung.de\/index.php?rest_route=\/wp\/v2\/pages\/219"}],"collection":[{"href":"https:\/\/www.bauwerkabdichtung.de\/index.php?rest_route=\/wp\/v2\/pages"}],"about":[{"href":"https:\/\/www.bauwerkabdichtung.de\/index.php?rest_route=\/wp\/v2\/types\/page"}],"author":[{"embeddable":true,"href":"https:\/\/www.bauwerkabdichtung.de\/index.php?rest_route=\/wp\/v2\/users\/1"}],"replies":[{"embeddable":true,"href":"https:\/\/www.bauwerkabdichtung.de\/index.php?rest_route=%2Fwp%2Fv2%2Fcomments&post=219"}],"version-history":[{"count":3,"href":"https:\/\/www.bauwerkabdichtung.de\/index.php?rest_route=\/wp\/v2\/pages\/219\/revisions"}],"predecessor-version":[{"id":224,"href":"https:\/\/www.bauwerkabdichtung.de\/index.php?rest_route=\/wp\/v2\/pages\/219\/revisions\/224"}],"wp:attachment":[{"href":"https:\/\/www.bauwerkabdichtung.de\/index.php?rest_route=%2Fwp%2Fv2%2Fmedia&parent=219"}],"curies":[{"name":"wp","href":"https:\/\/api.w.org\/{rel}","templated":true}]}}