{"id":21,"date":"2018-12-02T11:55:06","date_gmt":"2018-12-02T10:55:06","guid":{"rendered":"http:\/\/abdichtungstechnik.de\/?page_id=21"},"modified":"2018-12-02T13:46:43","modified_gmt":"2018-12-02T12:46:43","slug":"bewegungsfugen","status":"publish","type":"page","link":"https:\/\/www.bauwerkabdichtung.de\/?page_id=21","title":{"rendered":"Bewegungsfugen"},"content":{"rendered":"<p><strong>Bewegungsfugen\u00a0<\/strong><img loading=\"lazy\" class=\"alignright size-full wp-image-140\" src=\"http:\/\/abdichtungstechnik.de\/wp-content\/uploads\/2018\/12\/Bewegungsfugen1.jpg\" alt=\"\" width=\"311\" height=\"262\" srcset=\"https:\/\/www.bauwerkabdichtung.de\/wp-content\/uploads\/2018\/12\/Bewegungsfugen1.jpg 311w, https:\/\/www.bauwerkabdichtung.de\/wp-content\/uploads\/2018\/12\/Bewegungsfugen1-300x253.jpg 300w, https:\/\/www.bauwerkabdichtung.de\/wp-content\/uploads\/2018\/12\/Bewegungsfugen1-237x200.jpg 237w\" sizes=\"(max-width: 311px) 100vw, 311px\" \/>sind statisch und konstruktiv erforderliche Trennfugen, die Bauwerke in einzelne Bewegungsabschnitte teilen. Spezielle Fugenb\u00e4nder nehmen die auftretenden Dehnungen und Stauchungen auf und gew\u00e4hrleisten die Wasserundurchl\u00e4ssigkeit der Fuge.<br \/>\nDie Funktionsf\u00e4higkeit der Fugenb\u00e4nder ist jedoch nur bei optimaler Verankerung im Stahlbeton, bei ausreichender Bewegungsf\u00e4higkeit in der Fuge durch professionelle Verbindung der B\u00e4nder an den F\u00fcgestellen gew\u00e4hrleistet.<\/p>\n<p>Durch eine einzelne Fehlstelle im Fugensystem kann sich anstehendes Wasser ungehindert im gesamten Geb\u00e4ude ausbreiten.<\/p>\n<p><strong>Sanierung<\/strong><\/p>\n<p><img loading=\"lazy\" class=\"alignright size-full wp-image-141\" src=\"http:\/\/abdichtungstechnik.de\/wp-content\/uploads\/2018\/12\/Bewegungsfugen2.jpg\" alt=\"\" width=\"316\" height=\"276\" srcset=\"https:\/\/www.bauwerkabdichtung.de\/wp-content\/uploads\/2018\/12\/Bewegungsfugen2.jpg 316w, https:\/\/www.bauwerkabdichtung.de\/wp-content\/uploads\/2018\/12\/Bewegungsfugen2-300x262.jpg 300w, https:\/\/www.bauwerkabdichtung.de\/wp-content\/uploads\/2018\/12\/Bewegungsfugen2-229x200.jpg 229w\" sizes=\"(max-width: 316px) 100vw, 316px\" \/>Die Sanierung einer Bewegungsfuge ist eine technisch anspruchsvolle Herausforderung. Je nach Erfordernis k\u00f6nnen zwei verschiedene Verfahren angewandt werden:<\/p>\n<p>Abdichtung in der Fuge<br \/>\nVor der Injektion wird altes F\u00fcllmaterial zun\u00e4chst entfernt und die Fuge sorgf\u00e4ltig gereinigt. Anschliessend wird die Fuge verd\u00e4mmt, ohne dabei die Bewegungsf\u00e4higkeit einzuschr\u00e4nken. Ein quellf\u00e4higes Hydrogel wird \u00fcber Bohrpacker in die Fuge injiziert. Das Material weist eine hohe Haftung an den Fugenflanken auf und ist dauerhaft dehnf\u00e4hig.<\/p>\n<p>Abdichtung ausserhalb der Fuge<br \/>\nIn einigen F\u00e4llen kann die Abdichtung nicht in der Fuge erfolgen. In diesen F\u00e4llen wird ein speziell abgestimmtes quellf\u00e4higes Hydrogel auf der dem Wasser zugewandten Geb\u00e4udeseite vor die Bewegungsfuge injiziert. Der so ausgebildete Gelk\u00f6rper verbleibt im erdber\u00fchrten Bereich dauerhaft vor der Fuge und dichtet sie zuverl\u00e4ssig ab.<\/p>\n<p><img loading=\"lazy\" class=\"aligncenter size-full wp-image-142\" src=\"http:\/\/abdichtungstechnik.de\/wp-content\/uploads\/2018\/12\/Bewegungsfugen3.jpg\" alt=\"\" width=\"609\" height=\"111\" srcset=\"https:\/\/www.bauwerkabdichtung.de\/wp-content\/uploads\/2018\/12\/Bewegungsfugen3.jpg 609w, https:\/\/www.bauwerkabdichtung.de\/wp-content\/uploads\/2018\/12\/Bewegungsfugen3-300x55.jpg 300w\" sizes=\"(max-width: 609px) 100vw, 609px\" \/><\/p>\n","protected":false},"excerpt":{"rendered":"<p>Bewegungsfugen\u00a0sind statisch und konstruktiv erforderliche Trennfugen, die Bauwerke in einzelne Bewegungsabschnitte teilen. Spezielle Fugenb\u00e4nder nehmen die auftretenden Dehnungen und Stauchungen auf und gew\u00e4hrleisten die Wasserundurchl\u00e4ssigkeit der Fuge. Die Funktionsf\u00e4higkeit der Fugenb\u00e4nder ist jedoch nur bei optimaler Verankerung im Stahlbeton, bei ausreichender Bewegungsf\u00e4higkeit in der Fuge durch professionelle Verbindung der B\u00e4nder &hellip;<\/p>\n","protected":false},"author":1,"featured_media":0,"parent":0,"menu_order":0,"comment_status":"closed","ping_status":"closed","template":"","meta":[],"_links":{"self":[{"href":"https:\/\/www.bauwerkabdichtung.de\/index.php?rest_route=\/wp\/v2\/pages\/21"}],"collection":[{"href":"https:\/\/www.bauwerkabdichtung.de\/index.php?rest_route=\/wp\/v2\/pages"}],"about":[{"href":"https:\/\/www.bauwerkabdichtung.de\/index.php?rest_route=\/wp\/v2\/types\/page"}],"author":[{"embeddable":true,"href":"https:\/\/www.bauwerkabdichtung.de\/index.php?rest_route=\/wp\/v2\/users\/1"}],"replies":[{"embeddable":true,"href":"https:\/\/www.bauwerkabdichtung.de\/index.php?rest_route=%2Fwp%2Fv2%2Fcomments&post=21"}],"version-history":[{"count":3,"href":"https:\/\/www.bauwerkabdichtung.de\/index.php?rest_route=\/wp\/v2\/pages\/21\/revisions"}],"predecessor-version":[{"id":144,"href":"https:\/\/www.bauwerkabdichtung.de\/index.php?rest_route=\/wp\/v2\/pages\/21\/revisions\/144"}],"wp:attachment":[{"href":"https:\/\/www.bauwerkabdichtung.de\/index.php?rest_route=%2Fwp%2Fv2%2Fmedia&parent=21"}],"curies":[{"name":"wp","href":"https:\/\/api.w.org\/{rel}","templated":true}]}}