{"id":19,"date":"2018-12-02T11:55:06","date_gmt":"2018-12-02T10:55:06","guid":{"rendered":"http:\/\/abdichtungstechnik.de\/?page_id=19"},"modified":"2018-12-02T13:44:58","modified_gmt":"2018-12-02T12:44:58","slug":"arbeitsfugen","status":"publish","type":"page","link":"https:\/\/www.bauwerkabdichtung.de\/?page_id=19","title":{"rendered":"Arbeitsfugen"},"content":{"rendered":"<p><strong>Arbeitsfugen<img loading=\"lazy\" class=\"alignright size-full wp-image-137\" src=\"http:\/\/abdichtungstechnik.de\/wp-content\/uploads\/2018\/12\/Arbeitsfugen1.jpg\" alt=\"\" width=\"279\" height=\"245\" srcset=\"https:\/\/www.bauwerkabdichtung.de\/wp-content\/uploads\/2018\/12\/Arbeitsfugen1.jpg 279w, https:\/\/www.bauwerkabdichtung.de\/wp-content\/uploads\/2018\/12\/Arbeitsfugen1-228x200.jpg 228w\" sizes=\"(max-width: 279px) 100vw, 279px\" \/><\/strong>\u00a0sind Trennstellen im monolithischen Bau- k\u00f6rper, die durch zeitlich aufeinander- folgende Betonierabschnitte entstehen. Da die Bewehrung in der Regel mit vollem Querschnitt durchl\u00e4uft, treten in der Arbeitsfuge keine Bewegungen auf. Die Abdichtung von Arbeitsfugen erfolgt gem. der WU-Richtlinien des DAfStb.. Dabei d\u00fcrfen Fugenb\u00e4nder nach DIN 7865 und 18541 entsprechend den Regeln der DIN 18197 eingesetzt werden. Auch unbeschichtete Fugenbleche d\u00fcrfen nach dieser Richtlinie eingebaut werden. Sonstige Abdichtungsprodukte (Injektionsschl\u00e4uche, Quellb\u00e4nder, etc.) m\u00fcssen \u00fcber ein allgemeines bauaufsichtliches Pr\u00fcfzeugnis verf\u00fcgen. Bei Planungs- und Ausf\u00fchrungsfehlern kann es zu Undichtigkeiten im Verlauf von Arbeitsfugen kommen.<\/p>\n<p><strong>Sanierung<\/strong><\/p>\n<p><img loading=\"lazy\" class=\"alignright size-full wp-image-135\" src=\"http:\/\/abdichtungstechnik.de\/wp-content\/uploads\/2018\/12\/arbeitsfuge2.jpg\" alt=\"\" width=\"340\" height=\"264\" srcset=\"https:\/\/www.bauwerkabdichtung.de\/wp-content\/uploads\/2018\/12\/arbeitsfuge2.jpg 340w, https:\/\/www.bauwerkabdichtung.de\/wp-content\/uploads\/2018\/12\/arbeitsfuge2-300x233.jpg 300w, https:\/\/www.bauwerkabdichtung.de\/wp-content\/uploads\/2018\/12\/arbeitsfuge2-258x200.jpg 258w\" sizes=\"(max-width: 340px) 100vw, 340px\" \/>Die Sanierung undichter Arbeitsfugen erfolgt wie die Abdichtung wasserf\u00fchrender Risse durch Injektion. Dabei wird die Fuge zun\u00e4chst in regelm\u00e4ssigen Abst\u00e4nden durchbohrt. \u00dcber die eingesetzten Bohrpacker wird ein geeigneter Dichtstoff injiziert.<br \/>\nUm ein Austreten des Materials zu vermeiden und um den n\u00f6tigen Druckaufbau zu gew\u00e4hrleisten, werden sichtbare Fehlstellen im Bereich der Arbeitsfuge zuvor verd\u00e4mmt.<\/p>\n<p>Unter Druck wasserf\u00fchrende Fugen werden in einem vorgeschalteten Arbeitsgang mit aufsch\u00e4umendem Polyurethanharz (SPUR) verpresst. Das eigentliche Abdichtungsmaterial kann so nachtr\u00e4glich in die Fuge injiziert werden und dort erh\u00e4rten<\/p>\n<p>&nbsp;<\/p>\n<p><img loading=\"lazy\" class=\"aligncenter size-full wp-image-136\" src=\"http:\/\/abdichtungstechnik.de\/wp-content\/uploads\/2018\/12\/arbeitsfuge3.jpg\" alt=\"\" width=\"613\" height=\"109\" srcset=\"https:\/\/www.bauwerkabdichtung.de\/wp-content\/uploads\/2018\/12\/arbeitsfuge3.jpg 613w, https:\/\/www.bauwerkabdichtung.de\/wp-content\/uploads\/2018\/12\/arbeitsfuge3-300x53.jpg 300w\" sizes=\"(max-width: 613px) 100vw, 613px\" \/><\/p>\n","protected":false},"excerpt":{"rendered":"<p>Arbeitsfugen\u00a0sind Trennstellen im monolithischen Bau- k\u00f6rper, die durch zeitlich aufeinander- folgende Betonierabschnitte entstehen. Da die Bewehrung in der Regel mit vollem Querschnitt durchl\u00e4uft, treten in der Arbeitsfuge keine Bewegungen auf. Die Abdichtung von Arbeitsfugen erfolgt gem. der WU-Richtlinien des DAfStb.. Dabei d\u00fcrfen Fugenb\u00e4nder nach DIN 7865 und 18541 entsprechend den &hellip;<\/p>\n","protected":false},"author":1,"featured_media":0,"parent":0,"menu_order":0,"comment_status":"closed","ping_status":"closed","template":"","meta":[],"_links":{"self":[{"href":"https:\/\/www.bauwerkabdichtung.de\/index.php?rest_route=\/wp\/v2\/pages\/19"}],"collection":[{"href":"https:\/\/www.bauwerkabdichtung.de\/index.php?rest_route=\/wp\/v2\/pages"}],"about":[{"href":"https:\/\/www.bauwerkabdichtung.de\/index.php?rest_route=\/wp\/v2\/types\/page"}],"author":[{"embeddable":true,"href":"https:\/\/www.bauwerkabdichtung.de\/index.php?rest_route=\/wp\/v2\/users\/1"}],"replies":[{"embeddable":true,"href":"https:\/\/www.bauwerkabdichtung.de\/index.php?rest_route=%2Fwp%2Fv2%2Fcomments&post=19"}],"version-history":[{"count":3,"href":"https:\/\/www.bauwerkabdichtung.de\/index.php?rest_route=\/wp\/v2\/pages\/19\/revisions"}],"predecessor-version":[{"id":139,"href":"https:\/\/www.bauwerkabdichtung.de\/index.php?rest_route=\/wp\/v2\/pages\/19\/revisions\/139"}],"wp:attachment":[{"href":"https:\/\/www.bauwerkabdichtung.de\/index.php?rest_route=%2Fwp%2Fv2%2Fmedia&parent=19"}],"curies":[{"name":"wp","href":"https:\/\/api.w.org\/{rel}","templated":true}]}}