{"id":13,"date":"2018-12-02T11:54:35","date_gmt":"2018-12-02T10:54:35","guid":{"rendered":"http:\/\/abdichtungstechnik.de\/?page_id=13"},"modified":"2018-12-02T12:43:54","modified_gmt":"2018-12-02T11:43:54","slug":"startseite","status":"publish","type":"page","link":"https:\/\/www.bauwerkabdichtung.de\/","title":{"rendered":""},"content":{"rendered":"<p><span style=\"color: #004269;\"><strong>einfach<\/strong><\/span><\/p>\n<p>von der Planung bis zur Ausf\u00fchrung alles aus einer Hand,\u00a0Spezialisierung auf Verfahren f\u00fcr aufgrabfreie Abdichtung,\u00a0herstellerunabh\u00e4ngige Anwendung erprobter Materialien und\u00a0Sanierungen und Neubauabdichtungen<\/p>\n<p style=\"padding-left: 150px;\"><span style=\"color: #a72c32;\"><strong>sicher<\/strong><\/span><\/p>\n<p style=\"padding-left: 150px;\">dauerhafte Dichtwirkung,\u00a0langfristige Gew\u00e4hrleistung und\u00a0umfangreiche Referenzen<\/p>\n<p style=\"padding-left: 300px;\"><span style=\"color: #004269;\"><strong>dichten<\/strong><\/span><\/p>\n<p style=\"padding-left: 300px;\">Beton: Sanierung wasserf\u00fchrender Arbeits- und Bewegungsfugen, Risse und Fl\u00e4chen<\/p>\n<p style=\"padding-left: 300px;\">Mauerwerk: Horizontalsperre durch Injektionen, Rissverpressung, nachtr\u00e4gliche Mauerwerksbewehrung<\/p>\n","protected":false},"excerpt":{"rendered":"<p>einfach von der Planung bis zur Ausf\u00fchrung alles aus einer Hand,\u00a0Spezialisierung auf Verfahren f\u00fcr aufgrabfreie Abdichtung,\u00a0herstellerunabh\u00e4ngige Anwendung erprobter Materialien und\u00a0Sanierungen und Neubauabdichtungen sicher dauerhafte Dichtwirkung,\u00a0langfristige Gew\u00e4hrleistung und\u00a0umfangreiche Referenzen dichten Beton: Sanierung wasserf\u00fchrender Arbeits- und Bewegungsfugen, Risse und Fl\u00e4chen Mauerwerk: Horizontalsperre durch Injektionen, Rissverpressung, nachtr\u00e4gliche Mauerwerksbewehrung<\/p>\n","protected":false},"author":1,"featured_media":0,"parent":0,"menu_order":0,"comment_status":"closed","ping_status":"closed","template":"","meta":[],"_links":{"self":[{"href":"https:\/\/www.bauwerkabdichtung.de\/index.php?rest_route=\/wp\/v2\/pages\/13"}],"collection":[{"href":"https:\/\/www.bauwerkabdichtung.de\/index.php?rest_route=\/wp\/v2\/pages"}],"about":[{"href":"https:\/\/www.bauwerkabdichtung.de\/index.php?rest_route=\/wp\/v2\/types\/page"}],"author":[{"embeddable":true,"href":"https:\/\/www.bauwerkabdichtung.de\/index.php?rest_route=\/wp\/v2\/users\/1"}],"replies":[{"embeddable":true,"href":"https:\/\/www.bauwerkabdichtung.de\/index.php?rest_route=%2Fwp%2Fv2%2Fcomments&post=13"}],"version-history":[{"count":8,"href":"https:\/\/www.bauwerkabdichtung.de\/index.php?rest_route=\/wp\/v2\/pages\/13\/revisions"}],"predecessor-version":[{"id":100,"href":"https:\/\/www.bauwerkabdichtung.de\/index.php?rest_route=\/wp\/v2\/pages\/13\/revisions\/100"}],"wp:attachment":[{"href":"https:\/\/www.bauwerkabdichtung.de\/index.php?rest_route=%2Fwp%2Fv2%2Fmedia&parent=13"}],"curies":[{"name":"wp","href":"https:\/\/api.w.org\/{rel}","templated":true}]}}